{"id":738,"date":"2022-12-18T16:55:48","date_gmt":"2022-12-18T16:55:48","guid":{"rendered":"https:\/\/paverslaukime.lt\/?page_id=738"},"modified":"2022-12-18T21:26:44","modified_gmt":"2022-12-18T21:26:44","slug":"apie-mus","status":"publish","type":"page","link":"https:\/\/paverslaukime.lt\/?page_id=738","title":{"rendered":"Apie mus"},"content":{"rendered":"\t\t<div data-elementor-type=\"wp-page\" data-elementor-id=\"738\" class=\"elementor elementor-738\">\n\t\t\t\t\t\t<section class=\"elementor-section elementor-top-section elementor-element elementor-element-49ac6f3 elementor-section-boxed elementor-section-height-default elementor-section-height-default\" data-id=\"49ac6f3\" data-element_type=\"section\">\n\t\t\t\t\t\t<div class=\"elementor-container elementor-column-gap-default\">\n\t\t\t\t\t<div class=\"elementor-column elementor-col-66 elementor-top-column elementor-element elementor-element-8daee2f\" data-id=\"8daee2f\" data-element_type=\"column\">\n\t\t\t<div class=\"elementor-widget-wrap elementor-element-populated\">\n\t\t\t\t\t\t<div class=\"elementor-element elementor-element-989fd69 elementor-widget elementor-widget-text-editor\" data-id=\"989fd69\" data-element_type=\"widget\" data-widget_type=\"text-editor.default\">\n\t\t\t\t<div class=\"elementor-widget-container\">\n\t\t\t\t\t\t\t\t\t<p>Da\u017enam kyla klausimas \u2013 kod\u0117l b\u016btent \u201e\u017dalieji velniai\u201c?<\/p><p>Taigi susipa\u017einkime\u2026 Kai\u0161iadori\u0173 kra\u0161te aktyviojo pasiprie\u0161inimo Soviet\u0173 okupacijai metu veik\u0117 partizanas Jonas Misi\u016bnas. \u0160io partizano slapyvardis \u2013 Trys \u0161imtai arba \u017daliasis velnias. \u0160is vadas \u012fk\u016br\u0117 ir vadovavo Did\u017eiosios kovos apygardai Kai\u0161iadori\u0173 kra\u0161te, kuri nuo\u017emiai prie\u0161inosi tuometiniam prie\u0161ui. Pasakojama, kad J. Misi\u016bnas-\u017daliasis Velnias buvo sumanus, reiklus sau ir bendra\u017eygiams, nesutrikdavo sud\u0117tingiausiose situacijose. R\u016bpinosi kovotoj\u0173 ir gyventoj\u0173 \u0161vietimu. Asociacija \u201e\u017dalieji velniai\u201c nuo 2015 m. vykdo \u0161viet\u0117ji\u0161k\u0105, ugdom\u0105j\u0105 veikl\u0105 \u012fgyvendinant projektus, telkiant l\u0117k\u0161\u010diasvyd\u017eio komand\u0105.<\/p><p>Organizacija bei l\u0117k\u0161\u010diasvyd\u017eio komanda pavadinta \u017daliojo velnio slapyvard\u017eiu primena bei pasakoja apie j\u012f ne\u017einantiems \u2013 ne tik kai\u0161iadorie\u010diams, bet ir visiems lietuviams netgi u\u017esienie\u010diams dalyvaujant tarptautiniuose turnyruose.<\/p>\t\t\t\t\t\t\t\t<\/div>\n\t\t\t\t<\/div>\n\t\t\t\t\t<\/div>\n\t\t<\/div>\n\t\t\t\t<div class=\"elementor-column elementor-col-33 elementor-top-column elementor-element elementor-element-cb744de\" data-id=\"cb744de\" data-element_type=\"column\">\n\t\t\t<div class=\"elementor-widget-wrap elementor-element-populated\">\n\t\t\t\t\t\t<div class=\"elementor-element elementor-element-353d566 elementor-widget elementor-widget-image\" data-id=\"353d566\" data-element_type=\"widget\" data-widget_type=\"image.default\">\n\t\t\t\t<div class=\"elementor-widget-container\">\n\t\t\t\t\t\t\t\t\t\t\t\t<figure class=\"wp-caption\">\n\t\t\t\t\t\t\t\t\t\t<img fetchpriority=\"high\" decoding=\"async\" width=\"200\" height=\"279\" src=\"https:\/\/paverslaukime.lt\/wp-content\/uploads\/2022\/12\/200px-MISIUNAS_JONAS.jpg\" class=\"attachment-large size-large wp-image-893\" alt=\"\" \/>\t\t\t\t\t\t\t\t\t\t\t<figcaption class=\"widget-image-caption wp-caption-text\">Jonas Misi\u016bnas \u2013 \u017daliasis velnias<\/figcaption>\n\t\t\t\t\t\t\t\t\t\t<\/figure>\n\t\t\t\t\t\t\t\t\t<\/div>\n\t\t\t\t<\/div>\n\t\t\t\t\t<\/div>\n\t\t<\/div>\n\t\t\t\t\t<\/div>\n\t\t<\/section>\n\t\t\t\t<section class=\"elementor-section elementor-top-section elementor-element elementor-element-8ff660f elementor-section-boxed elementor-section-height-default elementor-section-height-default\" data-id=\"8ff660f\" data-element_type=\"section\">\n\t\t\t\t\t\t<div class=\"elementor-container elementor-column-gap-default\">\n\t\t\t\t\t<div class=\"elementor-column elementor-col-66 elementor-top-column elementor-element elementor-element-e99d44b\" data-id=\"e99d44b\" data-element_type=\"column\">\n\t\t\t<div class=\"elementor-widget-wrap elementor-element-populated\">\n\t\t\t\t\t\t<div class=\"elementor-element elementor-element-a39e4f2 elementor-widget elementor-widget-text-editor\" data-id=\"a39e4f2\" data-element_type=\"widget\" data-widget_type=\"text-editor.default\">\n\t\t\t\t<div class=\"elementor-widget-container\">\n\t\t\t\t\t\t\t\t\t<p>Asociacijos logotipas simbolizuoja vykdom\u0105 veikl\u0105:<\/p><ul><li>Rankoje laikomas diskas, pakelta sporti\u0161ka ranka, atspindi komandin\u012f \u017eaidim\u0105 \u2013 l\u0117k\u0161\u010diasvyd\u012f, ugdom\u0105j\u0105 veikl\u0105, ry\u017et\u0105 ir atkaklum\u0105. Nors vaizduojamas rankos gestas daug kam asocijuojasi su galios demonstravimu, ta\u010diau \u0161iuo atveju tai yra \u017eaidimo dvasios ugdymas \u2013 lek\u0161\u010diasvydyje itin svarbi<\/li><li>\u017dalia ir m\u0117lyna spalvos \u2013 \u017eem\u0117s ir dangaus mi\u0161inys, simbolizuoja dr\u0105s\u0105, laisv\u0119, ramyb\u0119, i\u0161mint\u012f, kilnum\u0105, draugi\u0161kum\u0105 \u2013 ko siek\u0117 aplinkiniams J. Misi\u016bnas, ko siekiame ir mes;<\/li><li>Geltona spalva \u2013 simbolizuojanti \u0161vies\u0105, kilnum\u0105 ir darn\u0105, pozityvum\u0105. Kitaip tariant \u0161viet\u0117ji\u0161k\u0105 veikl\u0105, kuria r\u016bpinasi asociacija;<\/li><li>\u017dmogaus ir velnio samprata \u2013 tai stipri\u0173 emocij\u0173, dideli\u0173 sieki\u0173 atspindys, teisingo po\u017ei\u016brio ugdymas.<\/li><\/ul>\t\t\t\t\t\t\t\t<\/div>\n\t\t\t\t<\/div>\n\t\t\t\t\t<\/div>\n\t\t<\/div>\n\t\t\t\t<div class=\"elementor-column elementor-col-33 elementor-top-column elementor-element elementor-element-9f0cdc4\" data-id=\"9f0cdc4\" data-element_type=\"column\">\n\t\t\t<div class=\"elementor-widget-wrap elementor-element-populated\">\n\t\t\t\t\t\t<div class=\"elementor-element elementor-element-0230174 elementor-widget elementor-widget-image\" data-id=\"0230174\" data-element_type=\"widget\" data-widget_type=\"image.default\">\n\t\t\t\t<div class=\"elementor-widget-container\">\n\t\t\t\t\t\t\t\t\t\t\t\t<figure class=\"wp-caption\">\n\t\t\t\t\t\t\t\t\t\t<img decoding=\"async\" width=\"384\" height=\"384\" src=\"https:\/\/paverslaukime.lt\/wp-content\/uploads\/2022\/12\/ZVlogo.png\" class=\"attachment-large size-large wp-image-891\" alt=\"\" srcset=\"https:\/\/paverslaukime.lt\/wp-content\/uploads\/2022\/12\/ZVlogo.png 384w, https:\/\/paverslaukime.lt\/wp-content\/uploads\/2022\/12\/ZVlogo-300x300.png 300w, https:\/\/paverslaukime.lt\/wp-content\/uploads\/2022\/12\/ZVlogo-150x150.png 150w\" sizes=\"(max-width: 384px) 100vw, 384px\" \/>\t\t\t\t\t\t\t\t\t\t\t<figcaption class=\"widget-image-caption wp-caption-text\">Organizacijos \u201e\u017dalieji velniai\u201c logotipas<\/figcaption>\n\t\t\t\t\t\t\t\t\t\t<\/figure>\n\t\t\t\t\t\t\t\t\t<\/div>\n\t\t\t\t<\/div>\n\t\t\t\t\t<\/div>\n\t\t<\/div>\n\t\t\t\t\t<\/div>\n\t\t<\/section>\n\t\t\t\t<section class=\"elementor-section elementor-top-section elementor-element elementor-element-f483f60 elementor-section-boxed elementor-section-height-default elementor-section-height-default\" data-id=\"f483f60\" data-element_type=\"section\">\n\t\t\t\t\t\t<div class=\"elementor-container elementor-column-gap-default\">\n\t\t\t\t\t<div class=\"elementor-column elementor-col-100 elementor-top-column elementor-element elementor-element-97eb7e1\" data-id=\"97eb7e1\" data-element_type=\"column\">\n\t\t\t<div class=\"elementor-widget-wrap elementor-element-populated\">\n\t\t\t\t\t\t<div class=\"elementor-element elementor-element-a9ad71c elementor-widget elementor-widget-text-editor\" data-id=\"a9ad71c\" data-element_type=\"widget\" data-widget_type=\"text-editor.default\">\n\t\t\t\t<div class=\"elementor-widget-container\">\n\t\t\t\t\t\t\t\t\t<p>Organizacijos \u012fgyvendinti projektai:<\/p><ul><li>2019 m. Neformaliojo vaik\u0173 \u0161vietimo programa \u201eVirtualios realyb\u0117s k\u016brybin\u0117s dirbtuv\u0117s\u201c;<\/li><li>2018 ir 2019 m. Discgolf vasaros u\u017esi\u0117mimai Kai\u0161iadoryse;<\/li><li>2018 ir 2019 m. vykdomos \u201eMobilios virtualios realyb\u0117s dirbtuv\u0117s Kai\u0161iadori\u0173 kra\u0161to jaunimui\u201c;<\/li><li>2017 m. Kai\u0161iadori\u0173 rajono r\u0117mimo projektas \u201eRespublikinis l\u0117k\u0161\u010diasvyd\u017eio Hat turnyras Kai\u0161iadoryse\u201c;<\/li><li>2017 m. Jaunimo organizacij\u0173 ir atvir\u0173 jaunimo erdvi\u0173 projekt\u0173 konkurso parai\u0161ka. Jaunimo sporto stovykla \u201eSun Beam\u201c.<\/li><\/ul>\t\t\t\t\t\t\t\t<\/div>\n\t\t\t\t<\/div>\n\t\t\t\t\t<\/div>\n\t\t<\/div>\n\t\t\t\t\t<\/div>\n\t\t<\/section>\n\t\t\t\t<\/div>\n\t\t","protected":false},"excerpt":{"rendered":"<p>Da\u017enam kyla klausimas \u2013 kod\u0117l b\u016btent \u201e\u017dalieji velniai\u201c? Taigi susipa\u017einkime\u2026 Kai\u0161iadori\u0173 kra\u0161te aktyviojo pasiprie\u0161inimo Soviet\u0173 okupacijai metu veik\u0117 partizanas Jonas Misi\u016bnas. \u0160io partizano slapyvardis \u2013 Trys \u0161imtai arba \u017daliasis velnias. \u0160is vadas \u012fk\u016br\u0117 ir vadovavo Did\u017eiosios kovos apygardai Kai\u0161iadori\u0173 kra\u0161te, kuri nuo\u017emiai prie\u0161inosi tuometiniam prie\u0161ui. Pasakojama, kad J. Misi\u016bnas-\u017daliasis Velnias buvo sumanus, reiklus sau ir [&hellip;]<\/p>\n","protected":false},"author":2,"featured_media":0,"parent":0,"menu_order":0,"comment_status":"closed","ping_status":"closed","template":"","meta":{"_monsterinsights_skip_tracking":false,"_monsterinsights_sitenote_active":false,"_monsterinsights_sitenote_note":"","_monsterinsights_sitenote_category":0,"cybocfi_hide_featured_image":"","footnotes":""},"class_list":["post-738","page","type-page","status-publish","hentry"],"aioseo_notices":[],"_links":{"self":[{"href":"https:\/\/paverslaukime.lt\/index.php?rest_route=\/wp\/v2\/pages\/738","targetHints":{"allow":["GET"]}}],"collection":[{"href":"https:\/\/paverslaukime.lt\/index.php?rest_route=\/wp\/v2\/pages"}],"about":[{"href":"https:\/\/paverslaukime.lt\/index.php?rest_route=\/wp\/v2\/types\/page"}],"author":[{"embeddable":true,"href":"https:\/\/paverslaukime.lt\/index.php?rest_route=\/wp\/v2\/users\/2"}],"replies":[{"embeddable":true,"href":"https:\/\/paverslaukime.lt\/index.php?rest_route=%2Fwp%2Fv2%2Fcomments&post=738"}],"version-history":[{"count":7,"href":"https:\/\/paverslaukime.lt\/index.php?rest_route=\/wp\/v2\/pages\/738\/revisions"}],"predecessor-version":[{"id":899,"href":"https:\/\/paverslaukime.lt\/index.php?rest_route=\/wp\/v2\/pages\/738\/revisions\/899"}],"wp:attachment":[{"href":"https:\/\/paverslaukime.lt\/index.php?rest_route=%2Fwp%2Fv2%2Fmedia&parent=738"}],"curies":[{"name":"wp","href":"https:\/\/api.w.org\/{rel}","templated":true}]}}