{"id":65,"date":"2022-12-11T13:03:37","date_gmt":"2022-12-11T13:03:37","guid":{"rendered":"https:\/\/paverslaukime.lt\/?page_id=65"},"modified":"2025-01-30T13:37:53","modified_gmt":"2025-01-30T13:37:53","slug":"kontaktai","status":"publish","type":"page","link":"https:\/\/paverslaukime.lt\/?page_id=65","title":{"rendered":"Kontaktai"},"content":{"rendered":"<div data-colibri-id=\"65-c1\" class=\"style-324 style-local-65-c1 position-relative\">\n  <!---->\n  <div data-colibri-component=\"section\" data-colibri-id=\"65-c2\" id=\"contact\" class=\"h-section h-section-global-spacing d-flex align-items-lg-center align-items-md-center align-items-center style-325 style-local-65-c2 position-relative\">\n    <div class=\"background-wrapper\">\n      <div class=\"background-layer background-layer-media-container-lg\">\n        <!---->\n        <div class=\"overlay-layer\">\n          <div class=\"overlay-image-layer\" style=\"background-color: rgb(31, 34, 37); opacity: 0.5;\"><\/div>\n        <\/div>\n      <\/div>\n      <div class=\"background-layer background-layer-media-container-md\">\n        <!---->\n        <div class=\"overlay-layer\">\n          <div class=\"overlay-image-layer\" style=\"background-color: rgb(31, 34, 37); opacity: 0.5;\"><\/div>\n        <\/div>\n      <\/div>\n      <div class=\"background-layer background-layer-media-container\">\n        <!---->\n        <div class=\"overlay-layer\">\n          <div class=\"overlay-image-layer\" style=\"background-color: rgb(31, 34, 37); opacity: 0.5;\"><\/div>\n        <\/div>\n      <\/div>\n    <\/div>\n    <!---->\n    <div class=\"h-section-grid-container h-section-boxed-container\">\n      <!---->\n      <div data-colibri-id=\"65-c3\" class=\"h-row-container gutters-row-lg-2 gutters-row-md-2 gutters-row-2 gutters-row-v-lg-2 gutters-row-v-md-2 gutters-row-v-2 style-326 style-local-65-c3 position-relative\">\n        <!---->\n        <div class=\"h-row justify-content-lg-center justify-content-md-center justify-content-center align-items-lg-center align-items-md-center align-items-center gutters-col-lg-2 gutters-col-md-2 gutters-col-2 gutters-col-v-lg-2 gutters-col-v-md-2 gutters-col-v-2\">\n          <!---->\n          <div class=\"h-column h-column-container d-flex h-col-lg-auto h-col-md-auto h-col-auto align-self-lg-center align-self-md-center align-self-center style-327-outer style-local-65-c4-outer\">\n            <div data-colibri-id=\"65-c4\" class=\"d-flex h-flex-basis h-column__inner h-px-lg-0 h-px-md-0 h-px-0 v-inner-lg-0 v-inner-md-0 v-inner-0 style-327 style-local-65-c4 position-relative\">\n              <!---->\n              <!---->\n              <div class=\"w-100 h-y-container h-column__content h-column__v-align flex-basis-100 align-self-lg-start align-self-md-start align-self-start\">\n                <!---->\n                <div data-colibri-id=\"65-c5\" class=\"h-row-container gutters-row-lg-0 gutters-row-md-0 gutters-row-0 gutters-row-v-lg-0 gutters-row-v-md-0 gutters-row-v-0 style-328 style-local-65-c5 position-relative\">\n                  <!---->\n                  <div class=\"h-row justify-content-lg-center justify-content-md-center justify-content-center align-items-lg-stretch align-items-md-stretch align-items-stretch gutters-col-lg-0 gutters-col-md-0 gutters-col-0 gutters-col-v-lg-0 gutters-col-v-md-0 gutters-col-v-0\">\n                    <!---->\n                    <div class=\"h-column h-column-container d-flex h-col-lg-auto h-col-md-auto h-col-auto style-329-outer style-local-65-c6-outer\">\n                      <div data-colibri-id=\"65-c6\" class=\"d-flex h-flex-basis h-column__inner h-px-lg-0 h-px-md-0 h-px-0 v-inner-lg-0 v-inner-md-0 v-inner-0 style-329 style-local-65-c6 position-relative\">\n                        <!---->\n                        <!---->\n                        <div class=\"w-100 h-y-container h-column__content h-column__v-align flex-basis-100 align-self-lg-center align-self-md-center align-self-center\">\n                          <!---->\n                          <div data-colibri-id=\"65-c7\" class=\"h-text h-text-component style-336 style-local-65-c7 position-relative h-element\">\n                            <!---->\n                            <!---->\n                            <div class=\"\">\n                              <p>Pra\u0161ome susisiekti \u0161iais kontaktais arba per apa\u010dioje pateikt\u0105 form\u0105.<\/p>\n                            <\/div>\n                          <\/div>\n                          <div data-colibri-id=\"65-c8\" class=\"h-global-transition-all h-heading style-332 style-local-65-c8 position-relative h-element\">\n                            <!---->\n                            <div class=\"h-heading__outer style-332 style-local-65-c8\">\n                              <!---->\n                              <!---->\n                              <h5 class=\"\">Projekto vadovas<\/h5>\n                            <\/div>\n                          <\/div>\n                          <div data-colibri-id=\"65-c9\" class=\"h-text h-text-component style-338 style-local-65-c9 position-relative h-element\">\n                            <!---->\n                            <!---->\n                            <div class=\"\">\n                              <p>Robertas \u0160ustavi\u010dius\n                                <br>tel. +370 (604) 97635\n                                <br>el. p: robertassust@gmail.com<\/p>\n                            <\/div>\n                          <\/div>\n                          <div data-colibri-id=\"65-c10\" class=\"h-global-transition-all h-heading style-337 style-local-65-c10 position-relative h-element\">\n                            <!---->\n                            <div class=\"h-heading__outer style-337 style-local-65-c10\">\n                              <!---->\n                              <!---->\n                              <h5 class=\"\">Koordinatoriai:<\/h5>\n                            <\/div>\n                          <\/div>\n                          <div data-colibri-id=\"65-c11\" class=\"h-text h-text-component style-339 style-local-65-c11 position-relative h-element\">\n                            <!---->\n                            <!---->\n                            <div class=\"\">\n                              <p>Evelina Bal\u010di\u016bnien\u0117\n                                <br>tel. +370 (603) 61590\n                                <br>el. p: balciunienevelina@gmail.com<\/p>\n                            <\/div>\n                          <\/div>\n                          <div data-colibri-id=\"65-c12\" class=\"style-333 style-local-65-c12 position-relative h-element\">\n                            <!---->\n                            <div class=\"d-flex flex-wrap h-social-icons justify-content-lg-center justify-content-md-center justify-content-center\">\n                              <div class=\"social-icon-container d-inline-flex\">\n                                <div class=\"icon-container h-social-icon h-global-transition\">\n                                  <div class=\"h-icon-svg\" style=\"width: 100%; height: 100%;\">\n                                    <!--Icon by Font Awesome (https:\/\/fontawesome.com)-->\n                                    <svg version=\"1.1\" xmlns=\"http:\/\/www.w3.org\/2000\/svg\" xmlns:xlink=\"http:\/\/www.w3.org\/1999\/xlink\" id=\"facebook-square\" viewBox=\"0 0 1536 1896.0833\">\n                                      <path d=\"M1248 128q119 0 203.5 84.5T1536 416v960q0 119-84.5 203.5T1248 1664h-188v-595h199l30-232h-229V689q0-56 23.5-84t91.5-28l122-1V369q-63-9-178-9-136 0-217.5 80T820 666v171H620v232h200v595H288q-119 0-203.5-84.5T0 1376V416q0-119 84.5-203.5T288 128h960z\"><\/path>\n                                    <\/svg>\n                                  <\/div>\n                                <\/div>\n                              <\/div>\n                              <div class=\"social-icon-container d-inline-flex\">\n                                <div class=\"icon-container h-social-icon h-global-transition\">\n                                  <div class=\"h-icon-svg\" style=\"width: 100%; height: 100%;\">\n                                    <!--Icon by Font Awesome (https:\/\/fontawesome.com)-->\n                                    <svg version=\"1.1\" xmlns=\"http:\/\/www.w3.org\/2000\/svg\" xmlns:xlink=\"http:\/\/www.w3.org\/1999\/xlink\" id=\"twitter-square\" viewBox=\"0 0 1536 1896.0833\">\n                                      <path d=\"M1280 610q-56 25-121 34 68-40 93-117-65 38-134 51-61-66-153-66-87 0-148.5 61.5T755 722q0 29 5 48-129-7-242-65T326 550q-29 50-29 106 0 114 91 175-47-1-100-26v2q0 75 50 133.5t123 72.5q-29 8-51 8-13 0-39-4 21 63 74.5 104t121.5 42q-116 90-261 90-26 0-50-3 148 94 322 94 112 0 210-35.5t168-95 120.5-137 75-162T1176 746q0-18-1-27 63-45 105-109zm256-194v960q0 119-84.5 203.5T1248 1664H288q-119 0-203.5-84.5T0 1376V416q0-119 84.5-203.5T288 128h960q119 0 203.5 84.5T1536 416z\"><\/path>\n                                    <\/svg>\n                                  <\/div>\n                                <\/div>\n                              <\/div>\n                            <\/div>\n                          <\/div>\n                        <\/div>\n                      <\/div>\n                    <\/div>\n                    <div class=\"h-column h-column-container d-flex h-col-lg-auto h-col-md-auto h-col-auto style-334-outer style-local-65-c13-outer\">\n                      <div data-colibri-id=\"65-c13\" class=\"d-flex h-flex-basis h-column__inner h-px-lg-0 h-px-md-0 h-px-0 v-inner-lg-0 v-inner-md-0 v-inner-0 style-334 style-local-65-c13 position-relative\">\n                        <!---->\n                        <!---->\n                        <div class=\"w-100 h-y-container h-column__content h-column__v-align flex-basis-100 align-self-lg-center align-self-md-center align-self-center\">\n                          <!---->\n                          <div data-colibri-id=\"65-c14\" class=\"d-block style-377 style-local-65-c14 position-relative h-element\">\n                            <!---->\n                            <div class=\"h-image__frame-container-outer\">\n                              <a href=\"https:\/\/maps.app.goo.gl\/Z9FYSRjcuRuAqTBq6\" target=\"_blank\" h-use-smooth-scroll=\"true\" class=\"image-link\">\n                                <div class=\"h-image__frame-container\">\n                                  <!---->\n                                  <!---->\n                                  <img fetchpriority=\"high\" decoding=\"async\" width=\"859\" height=\"859\" src=\"https:\/\/paverslaukime.lt\/wp-content\/uploads\/2025\/01\/cropped-Screenshot-349.png\" class=\"wp-image-1263 style-377-image style-local-65-c14-image\" alt=\"\" srcset=\"https:\/\/paverslaukime.lt\/wp-content\/uploads\/2025\/01\/cropped-Screenshot-349.png 859w, https:\/\/paverslaukime.lt\/wp-content\/uploads\/2025\/01\/cropped-Screenshot-349-300x300.png 300w, https:\/\/paverslaukime.lt\/wp-content\/uploads\/2025\/01\/cropped-Screenshot-349-150x150.png 150w, https:\/\/paverslaukime.lt\/wp-content\/uploads\/2025\/01\/cropped-Screenshot-349-768x768.png 768w\" sizes=\"(max-width: 859px) 100vw, 859px\" \/>\n                                  <div class=\"h-image__frame h-hide-lg h-hide-md h-hide-sm style-377-frameImage style-local-65-c14-frameImage\"><\/div>\n                                <\/div>\n                              <\/a>\n                            <\/div>\n                          <\/div>\n                        <\/div>\n                      <\/div>\n                    <\/div>\n                  <\/div>\n                <\/div>\n                <div data-colibri-id=\"65-c15\" class=\"style-352 style-local-65-c15 position-relative h-element\">\n                  <!---->\n                  <div class=\"h-global-transition-all h-global-transition h-global-transition-all h-contact-form-shortcode\"><div class=\"wpforms-container wpforms-container-full\" id=\"wpforms-413\"><form id=\"wpforms-form-413\" class=\"wpforms-validate wpforms-form wpforms-ajax-form\" data-formid=\"413\" method=\"post\" enctype=\"multipart\/form-data\" action=\"\/index.php?rest_route=%2Fwp%2Fv2%2Fpages%2F65\" data-token=\"d8b5ec1efd89725f3e5bbbebf486b1ce\" data-token-time=\"1776673642\"><noscript class=\"wpforms-error-noscript\">Please enable JavaScript in your browser to complete this form.<\/noscript><div class=\"wpforms-field-container\"><div id=\"wpforms-413-field_3-container\" class=\"wpforms-field wpforms-field-text\" data-field-id=\"3\"><label class=\"wpforms-field-label\" for=\"wpforms-413-field_3\">Vardas <span class=\"wpforms-required-label\">*<\/span><\/label><input type=\"text\" id=\"wpforms-413-field_3\" class=\"wpforms-field-medium wpforms-field-required\" name=\"wpforms[fields][3]\" required><\/div><div id=\"wpforms-413-field_4-container\" class=\"wpforms-field wpforms-field-text\" data-field-id=\"4\"><label class=\"wpforms-field-label\" for=\"wpforms-413-field_4\">Tema <span class=\"wpforms-required-label\">*<\/span><\/label><input type=\"text\" id=\"wpforms-413-field_4\" class=\"wpforms-field-medium wpforms-field-required\" name=\"wpforms[fields][4]\" required><\/div><div id=\"wpforms-413-field_1-container\" class=\"wpforms-field wpforms-field-email\" data-field-id=\"1\"><label class=\"wpforms-field-label\" for=\"wpforms-413-field_1\">El. pa\u0161tas <span class=\"wpforms-required-label\">*<\/span><\/label><input type=\"email\" id=\"wpforms-413-field_1\" class=\"wpforms-field-medium wpforms-field-required\" name=\"wpforms[fields][1]\" spellcheck=\"false\" required><\/div><div id=\"wpforms-413-field_2-container\" class=\"wpforms-field wpforms-field-textarea\" data-field-id=\"2\"><label class=\"wpforms-field-label\" for=\"wpforms-413-field_2\">Prane\u0161imas<\/label><textarea id=\"wpforms-413-field_2\" class=\"wpforms-field-medium\" name=\"wpforms[fields][2]\" ><\/textarea><\/div><\/div><!-- .wpforms-field-container --><div class=\"wpforms-submit-container\" ><input type=\"hidden\" name=\"wpforms[id]\" value=\"413\"><input type=\"hidden\" name=\"page_title\" value=\"\"><input type=\"hidden\" name=\"page_url\" value=\"https:\/\/paverslaukime.lt\/index.php?rest_route=\/wp\/v2\/pages\/65\"><input type=\"hidden\" name=\"url_referer\" value=\"\"><button type=\"submit\" name=\"wpforms[submit]\" id=\"wpforms-submit-413\" class=\"wpforms-submit\" data-alt-text=\"Siun\u010diame\" data-submit-text=\"Pateikti\" aria-live=\"assertive\" value=\"wpforms-submit\">Pateikti<\/button><img decoding=\"async\" src=\"https:\/\/paverslaukime.lt\/wp-content\/plugins\/wpforms-lite\/assets\/images\/submit-spin.svg\" class=\"wpforms-submit-spinner\" style=\"display: none;\" width=\"26\" height=\"26\" alt=\"Loading\"><\/div><\/form><\/div>  <!-- .wpforms-container --><\/div>\n                <\/div>\n              <\/div>\n            <\/div>\n          <\/div>\n        <\/div>\n      <\/div>\n      <div data-colibri-id=\"65-c16\" class=\"h-row-container gutters-row-lg-0 gutters-row-md-0 gutters-row-0 gutters-row-v-lg-0 gutters-row-v-md-0 gutters-row-v-0 style-357 style-local-65-c16 position-relative\">\n        <!---->\n        <div class=\"h-row justify-content-lg-center justify-content-md-center justify-content-center align-items-lg-stretch align-items-md-stretch align-items-stretch gutters-col-lg-0 gutters-col-md-0 gutters-col-0 gutters-col-v-lg-0 gutters-col-v-md-0 gutters-col-v-0\">\n          <!---->\n          <div class=\"h-column h-column-container d-flex h-col-lg-auto h-col-md-auto h-col-auto style-358-outer style-local-65-c17-outer\">\n            <div data-colibri-id=\"65-c17\" class=\"d-flex h-flex-basis h-column__inner h-px-lg-0 h-px-md-0 h-px-0 v-inner-lg-0 v-inner-md-0 v-inner-0 style-358 style-local-65-c17 position-relative\">\n              <!---->\n              <!---->\n              <div class=\"w-100 h-y-container h-column__content h-column__v-align flex-basis-100 align-self-lg-center align-self-md-center align-self-center\">\n                <!---->\n                <div data-colibri-id=\"65-c18\" class=\"h-global-transition-all h-heading style-359 style-local-65-c18 position-relative h-element\">\n                  <!---->\n                  <div class=\"h-heading__outer style-359 style-local-65-c18\">\n                    <!---->\n                    <!---->\n                    <h4 class=\"\">Rekvizitai<\/h4>\n                  <\/div>\n                <\/div>\n                <div data-colibri-id=\"65-c19\" class=\"h-global-transition-all h-heading style-361 style-local-65-c19 position-relative h-element\">\n                  <!---->\n                  <div class=\"h-heading__outer style-361 style-local-65-c19\">\n                    <!---->\n                    <!---->\n                    <h5 class=\"\">\u012emon\u0117s kodas: 303733854\n                      <br>El. p. zalieji.velniai@gmail.com\n                      <br>Tel. 370 (604) 97635\n                      <br>Adresas: Liep\u0173 al. 16, LT-56133, Kai\u0161iadorys, Lietuva\n                      <br>\n                      <br>Projekto veikla vykdoma adresu: Gedimino g. 115C, LT-56150, Kai\u0161iadorys, Lietuva<\/h5>\n                  <\/div>\n                <\/div>\n              <\/div>\n            <\/div>\n          <\/div>\n        <\/div>\n      <\/div>\n    <\/div>\n  <\/div>\n<\/div>","protected":false},"excerpt":{"rendered":"<p>Pra\u0161ome susisiekti \u0161iais kontaktais arba per apa\u010dioje pateikt\u0105 form\u0105. Projekto vadovas Robertas \u0160ustavi\u010dius tel. +370 (604) 97635 el. p: robertassust@gmail.com Koordinatoriai: Evelina Bal\u010di\u016bnien\u0117 tel. +370 (603) 61590 el. p: balciunienevelina@gmail.com Rekvizitai \u012emon\u0117s kodas: 303733854 El. p. zalieji.velniai@gmail.com Tel. 370 (604) 97635 Adresas: Liep\u0173 al. 16, LT-56133, Kai\u0161iadorys, Lietuva Projekto veikla vykdoma adresu: Gedimino g. 115C, [&hellip;]<\/p>\n","protected":false},"author":2,"featured_media":0,"parent":0,"menu_order":0,"comment_status":"closed","ping_status":"closed","template":"page-templates\/full-width-page.php","meta":{"_monsterinsights_skip_tracking":false,"_monsterinsights_sitenote_active":false,"_monsterinsights_sitenote_note":"","_monsterinsights_sitenote_category":0,"cybocfi_hide_featured_image":"","footnotes":""},"class_list":["post-65","page","type-page","status-publish","hentry"],"aioseo_notices":[],"_links":{"self":[{"href":"https:\/\/paverslaukime.lt\/index.php?rest_route=\/wp\/v2\/pages\/65","targetHints":{"allow":["GET"]}}],"collection":[{"href":"https:\/\/paverslaukime.lt\/index.php?rest_route=\/wp\/v2\/pages"}],"about":[{"href":"https:\/\/paverslaukime.lt\/index.php?rest_route=\/wp\/v2\/types\/page"}],"author":[{"embeddable":true,"href":"https:\/\/paverslaukime.lt\/index.php?rest_route=\/wp\/v2\/users\/2"}],"replies":[{"embeddable":true,"href":"https:\/\/paverslaukime.lt\/index.php?rest_route=%2Fwp%2Fv2%2Fcomments&post=65"}],"version-history":[{"count":19,"href":"https:\/\/paverslaukime.lt\/index.php?rest_route=\/wp\/v2\/pages\/65\/revisions"}],"predecessor-version":[{"id":1273,"href":"https:\/\/paverslaukime.lt\/index.php?rest_route=\/wp\/v2\/pages\/65\/revisions\/1273"}],"wp:attachment":[{"href":"https:\/\/paverslaukime.lt\/index.php?rest_route=%2Fwp%2Fv2%2Fmedia&parent=65"}],"curies":[{"name":"wp","href":"https:\/\/api.w.org\/{rel}","templated":true}]}}