{"id":62,"date":"2022-12-11T13:02:58","date_gmt":"2022-12-11T13:02:58","guid":{"rendered":"https:\/\/paverslaukime.lt\/?page_id=62"},"modified":"2022-12-27T15:55:18","modified_gmt":"2022-12-27T15:55:18","slug":"d-u-k","status":"publish","type":"page","link":"https:\/\/paverslaukime.lt\/?page_id=62","title":{"rendered":"D.U.K."},"content":{"rendered":"\t\t<div data-elementor-type=\"wp-page\" data-elementor-id=\"62\" class=\"elementor elementor-62\">\n\t\t\t\t\t\t<section class=\"elementor-section elementor-top-section elementor-element elementor-element-aba0908 elementor-section-boxed elementor-section-height-default elementor-section-height-default\" data-id=\"aba0908\" data-element_type=\"section\">\n\t\t\t\t\t\t<div class=\"elementor-container elementor-column-gap-default\">\n\t\t\t\t\t<div class=\"elementor-column elementor-col-100 elementor-top-column elementor-element elementor-element-17f8242\" data-id=\"17f8242\" data-element_type=\"column\">\n\t\t\t<div class=\"elementor-widget-wrap elementor-element-populated\">\n\t\t\t\t\t\t<div class=\"elementor-element elementor-element-aef660c elementor-widget elementor-widget-accordion\" data-id=\"aef660c\" data-element_type=\"widget\" data-widget_type=\"accordion.default\">\n\t\t\t\t<div class=\"elementor-widget-container\">\n\t\t\t\t\t\t\t<div class=\"elementor-accordion\">\n\t\t\t\t\t\t\t<div class=\"elementor-accordion-item\">\n\t\t\t\t\t<div id=\"elementor-tab-title-1831\" class=\"elementor-tab-title\" data-tab=\"1\" role=\"button\" aria-controls=\"elementor-tab-content-1831\" aria-expanded=\"false\">\n\t\t\t\t\t\t\t\t\t\t\t\t\t<span class=\"elementor-accordion-icon elementor-accordion-icon-left\" aria-hidden=\"true\">\n\t\t\t\t\t\t\t\t\t\t\t\t\t\t\t<span class=\"elementor-accordion-icon-closed\"><i class=\"fas fa-plus\"><\/i><\/span>\n\t\t\t\t\t\t\t\t<span class=\"elementor-accordion-icon-opened\"><i class=\"fas fa-minus\"><\/i><\/span>\n\t\t\t\t\t\t\t\t\t\t\t\t\t\t<\/span>\n\t\t\t\t\t\t\t\t\t\t\t\t<a class=\"elementor-accordion-title\" tabindex=\"0\">1.\tKokio am\u017eiaus savanoris gali b\u016bti?<\/a>\n\t\t\t\t\t<\/div>\n\t\t\t\t\t<div id=\"elementor-tab-content-1831\" class=\"elementor-tab-content elementor-clearfix\" data-tab=\"1\" role=\"region\" aria-labelledby=\"elementor-tab-title-1831\"><p>Nuo 16 met\u0173.<\/p><\/div>\n\t\t\t\t<\/div>\n\t\t\t\t\t\t\t<div class=\"elementor-accordion-item\">\n\t\t\t\t\t<div id=\"elementor-tab-title-1832\" class=\"elementor-tab-title\" data-tab=\"2\" role=\"button\" aria-controls=\"elementor-tab-content-1832\" aria-expanded=\"false\">\n\t\t\t\t\t\t\t\t\t\t\t\t\t<span class=\"elementor-accordion-icon elementor-accordion-icon-left\" aria-hidden=\"true\">\n\t\t\t\t\t\t\t\t\t\t\t\t\t\t\t<span class=\"elementor-accordion-icon-closed\"><i class=\"fas fa-plus\"><\/i><\/span>\n\t\t\t\t\t\t\t\t<span class=\"elementor-accordion-icon-opened\"><i class=\"fas fa-minus\"><\/i><\/span>\n\t\t\t\t\t\t\t\t\t\t\t\t\t\t<\/span>\n\t\t\t\t\t\t\t\t\t\t\t\t<a class=\"elementor-accordion-title\" tabindex=\"0\">2.\tKuo skiriasi projekto savanoris nuo dalyvio? <\/a>\n\t\t\t\t\t<\/div>\n\t\t\t\t\t<div id=\"elementor-tab-content-1832\" class=\"elementor-tab-content elementor-clearfix\" data-tab=\"2\" role=\"region\" aria-labelledby=\"elementor-tab-title-1832\"><p>Projekto <strong>savanoris<\/strong> (nuo 16 met\u0173, gyvenantis bet kurioje Lietuvos vietov\u0117je) padeda \u012fgyvendinti projekto veiklas t.y. vie\u0161ina projekto informacij\u0105 bei kartu su komanda kuria pab\u0117gimo kambar\u012f. Savanoriai dalyvauja \u0161iuose mokymuose:<\/p><ul><li>Savanoryst\u0117s mokymai;<\/li><li>Pab\u0117gimo kambario k\u016brimo mokymai;<\/li><li>Pab\u0117gimo kambario administravimo mokymai.<\/li><\/ul><p>Projekto <strong>dalyvis <\/strong>(14-29 met\u0173, Kai\u0161iadori\u0173 miesto gyventojas) turi galimyb\u0119 dalyvauti bet kuriuose i\u0161 \u0161i\u0173 mokym\u0173 nepriklausomai nuo \u012fsitraukimo \u012f projekto vykdomas veiklas (vienuose ir\/ar daugiau mokym\u0173):<\/p><ul><li>Med\u017eiagos atrankos mokymuose;<\/li><li>Verslumo ir lyderyst\u0117s mokymuose;<\/li><li>Daugiafunkcin\u0117s erdv\u0117s mokymuose;<\/li><li>Pab\u0117gimo kambario mokymuose;<\/li><li>Pab\u0117gimo kambario administravimo mokymuose;<\/li><\/ul><p>Dalyviai i\u0161klaus\u0119 vis\u0105 mokym\u0173 paket\u0105 tur\u0117s galimyb\u0119 kartu su projekto vadovais kurti bei pl\u0117toti pramog\u0173 versl\u0105.<\/p><\/div>\n\t\t\t\t<\/div>\n\t\t\t\t\t\t\t<div class=\"elementor-accordion-item\">\n\t\t\t\t\t<div id=\"elementor-tab-title-1833\" class=\"elementor-tab-title\" data-tab=\"3\" role=\"button\" aria-controls=\"elementor-tab-content-1833\" aria-expanded=\"false\">\n\t\t\t\t\t\t\t\t\t\t\t\t\t<span class=\"elementor-accordion-icon elementor-accordion-icon-left\" aria-hidden=\"true\">\n\t\t\t\t\t\t\t\t\t\t\t\t\t\t\t<span class=\"elementor-accordion-icon-closed\"><i class=\"fas fa-plus\"><\/i><\/span>\n\t\t\t\t\t\t\t\t<span class=\"elementor-accordion-icon-opened\"><i class=\"fas fa-minus\"><\/i><\/span>\n\t\t\t\t\t\t\t\t\t\t\t\t\t\t<\/span>\n\t\t\t\t\t\t\t\t\t\t\t\t<a class=\"elementor-accordion-title\" tabindex=\"0\">3.\tAr projekto dalyviai tur\u0117s galimyb\u0119 u\u017edirbti pinig\u0173 dalyvaujant projekte?<\/a>\n\t\t\t\t\t<\/div>\n\t\t\t\t\t<div id=\"elementor-tab-content-1833\" class=\"elementor-tab-content elementor-clearfix\" data-tab=\"3\" role=\"region\" aria-labelledby=\"elementor-tab-title-1833\"><p>Taip. Ta\u010diau u\u017edarbis priklausys nuo verslo s\u0117km\u0117s bei dalyvio ind\u0117lio \u012f sukurt\u0105 versl\u0105 (pab\u0117gimo kambario).<\/p><\/div>\n\t\t\t\t<\/div>\n\t\t\t\t\t\t\t<div class=\"elementor-accordion-item\">\n\t\t\t\t\t<div id=\"elementor-tab-title-1834\" class=\"elementor-tab-title\" data-tab=\"4\" role=\"button\" aria-controls=\"elementor-tab-content-1834\" aria-expanded=\"false\">\n\t\t\t\t\t\t\t\t\t\t\t\t\t<span class=\"elementor-accordion-icon elementor-accordion-icon-left\" aria-hidden=\"true\">\n\t\t\t\t\t\t\t\t\t\t\t\t\t\t\t<span class=\"elementor-accordion-icon-closed\"><i class=\"fas fa-plus\"><\/i><\/span>\n\t\t\t\t\t\t\t\t<span class=\"elementor-accordion-icon-opened\"><i class=\"fas fa-minus\"><\/i><\/span>\n\t\t\t\t\t\t\t\t\t\t\t\t\t\t<\/span>\n\t\t\t\t\t\t\t\t\t\t\t\t<a class=\"elementor-accordion-title\" tabindex=\"0\">4.\tAr \u012f savanori\u0161k\u0105 veikl\u0105 galima prisijungti bet kuriuo projekto \u012fgyvendinimo metu? <\/a>\n\t\t\t\t\t<\/div>\n\t\t\t\t\t<div id=\"elementor-tab-content-1834\" class=\"elementor-tab-content elementor-clearfix\" data-tab=\"4\" role=\"region\" aria-labelledby=\"elementor-tab-title-1834\"><p>Yra galimyb\u0117, sudalyvavus bent vienuose savanoryst\u0117s mokymuose.<\/p><ul><li>Savanoryst\u0117s mokymai;<\/li><li>Pab\u0117gimo kambario k\u016brimo mokymai;<\/li><li>Pab\u0117gimo kambario administravimo mokymai.<\/li><\/ul><\/div>\n\t\t\t\t<\/div>\n\t\t\t\t\t\t\t<div class=\"elementor-accordion-item\">\n\t\t\t\t\t<div id=\"elementor-tab-title-1835\" class=\"elementor-tab-title\" data-tab=\"5\" role=\"button\" aria-controls=\"elementor-tab-content-1835\" aria-expanded=\"false\">\n\t\t\t\t\t\t\t\t\t\t\t\t\t<span class=\"elementor-accordion-icon elementor-accordion-icon-left\" aria-hidden=\"true\">\n\t\t\t\t\t\t\t\t\t\t\t\t\t\t\t<span class=\"elementor-accordion-icon-closed\"><i class=\"fas fa-plus\"><\/i><\/span>\n\t\t\t\t\t\t\t\t<span class=\"elementor-accordion-icon-opened\"><i class=\"fas fa-minus\"><\/i><\/span>\n\t\t\t\t\t\t\t\t\t\t\t\t\t\t<\/span>\n\t\t\t\t\t\t\t\t\t\t\t\t<a class=\"elementor-accordion-title\" tabindex=\"0\">5.\tKoki\u0105 nauda gauna savanoris dalyvaujantis projekte?<\/a>\n\t\t\t\t\t<\/div>\n\t\t\t\t\t<div id=\"elementor-tab-content-1835\" class=\"elementor-tab-content elementor-clearfix\" data-tab=\"5\" role=\"region\" aria-labelledby=\"elementor-tab-title-1835\"><p>Projekto savanoris gaus:<\/p><ul><li>ra\u0161ti\u0161k\u0105 \u201e\u017dali\u0173j\u0173 velni\u0173\u201c organizacijos rekomendacij\u0105;<\/li><li>diplom\u0105, kuriame pa\u017eymimos \u012fgytos kompetencijos;<\/li><li>patirties dirbant vie\u0161inimo srityje bei pab\u0117gimo kambario k\u016brime;<\/li><li>pa\u017eym\u0117jim\u0105, kuris pripa\u017e\u012fstamas, kaip 0,25 stojamasis balas \u012f Lietuvos auk\u0161t\u0105sias mokyklas.<\/li><\/ul><\/div>\n\t\t\t\t<\/div>\n\t\t\t\t\t\t\t<div class=\"elementor-accordion-item\">\n\t\t\t\t\t<div id=\"elementor-tab-title-1836\" class=\"elementor-tab-title\" data-tab=\"6\" role=\"button\" aria-controls=\"elementor-tab-content-1836\" aria-expanded=\"false\">\n\t\t\t\t\t\t\t\t\t\t\t\t\t<span class=\"elementor-accordion-icon elementor-accordion-icon-left\" aria-hidden=\"true\">\n\t\t\t\t\t\t\t\t\t\t\t\t\t\t\t<span class=\"elementor-accordion-icon-closed\"><i class=\"fas fa-plus\"><\/i><\/span>\n\t\t\t\t\t\t\t\t<span class=\"elementor-accordion-icon-opened\"><i class=\"fas fa-minus\"><\/i><\/span>\n\t\t\t\t\t\t\t\t\t\t\t\t\t\t<\/span>\n\t\t\t\t\t\t\t\t\t\t\t\t<a class=\"elementor-accordion-title\" tabindex=\"0\">6.\tKoks trumpiausias ir ilgiausias savanoryst\u0117s laikas?<\/a>\n\t\t\t\t\t<\/div>\n\t\t\t\t\t<div id=\"elementor-tab-content-1836\" class=\"elementor-tab-content elementor-clearfix\" data-tab=\"6\" role=\"region\" aria-labelledby=\"elementor-tab-title-1836\"><p>Trumpiausias &#8211; 40 val., ilgiausias &#8211; 200 val.<\/p><\/div>\n\t\t\t\t<\/div>\n\t\t\t\t\t\t\t<div class=\"elementor-accordion-item\">\n\t\t\t\t\t<div id=\"elementor-tab-title-1837\" class=\"elementor-tab-title\" data-tab=\"7\" role=\"button\" aria-controls=\"elementor-tab-content-1837\" aria-expanded=\"false\">\n\t\t\t\t\t\t\t\t\t\t\t\t\t<span class=\"elementor-accordion-icon elementor-accordion-icon-left\" aria-hidden=\"true\">\n\t\t\t\t\t\t\t\t\t\t\t\t\t\t\t<span class=\"elementor-accordion-icon-closed\"><i class=\"fas fa-plus\"><\/i><\/span>\n\t\t\t\t\t\t\t\t<span class=\"elementor-accordion-icon-opened\"><i class=\"fas fa-minus\"><\/i><\/span>\n\t\t\t\t\t\t\t\t\t\t\t\t\t\t<\/span>\n\t\t\t\t\t\t\t\t\t\t\t\t<a class=\"elementor-accordion-title\" tabindex=\"0\">7.\tNusprendusiems kurti su laisvalaikio pramogomis susijusius verslus \u017eadama suteikti vykdymui skirtas priemones, kokios jos?<\/a>\n\t\t\t\t\t<\/div>\n\t\t\t\t\t<div id=\"elementor-tab-content-1837\" class=\"elementor-tab-content elementor-clearfix\" data-tab=\"7\" role=\"region\" aria-labelledby=\"elementor-tab-title-1837\"><p>Suteiktos patalpos ir b\u016btina \u012franga, kad gal\u0117t\u0173 prakti\u0161kai pritaikyti \u012fgytas teorines \u017einias ir \u012fkurti pab\u0117gimo kambar\u012f, kur\u012f pasidalindami atsakomyb\u0117mis projektuos, \u012frengin\u0117s, administruos bei teiks laisvalaikio paslaugas.<\/p><\/div>\n\t\t\t\t<\/div>\n\t\t\t\t\t\t\t\t<\/div>\n\t\t\t\t\t\t<\/div>\n\t\t\t\t<\/div>\n\t\t\t\t\t<\/div>\n\t\t<\/div>\n\t\t\t\t\t<\/div>\n\t\t<\/section>\n\t\t\t\t<\/div>\n\t\t","protected":false},"excerpt":{"rendered":"<p>1. Kokio am\u017eiaus savanoris gali b\u016bti? Nuo 16 met\u0173. 2. Kuo skiriasi projekto savanoris nuo dalyvio? Projekto savanoris (nuo 16 met\u0173, gyvenantis bet kurioje Lietuvos vietov\u0117je) padeda \u012fgyvendinti projekto veiklas t.y. vie\u0161ina projekto informacij\u0105 bei kartu su komanda kuria pab\u0117gimo kambar\u012f. Savanoriai dalyvauja \u0161iuose mokymuose: Savanoryst\u0117s mokymai; Pab\u0117gimo kambario k\u016brimo mokymai; Pab\u0117gimo kambario administravimo mokymai. [&hellip;]<\/p>\n","protected":false},"author":2,"featured_media":0,"parent":0,"menu_order":0,"comment_status":"closed","ping_status":"closed","template":"","meta":{"_monsterinsights_skip_tracking":false,"_monsterinsights_sitenote_active":false,"_monsterinsights_sitenote_note":"","_monsterinsights_sitenote_category":0,"cybocfi_hide_featured_image":"","footnotes":""},"class_list":["post-62","page","type-page","status-publish","hentry"],"aioseo_notices":[],"_links":{"self":[{"href":"https:\/\/paverslaukime.lt\/index.php?rest_route=\/wp\/v2\/pages\/62","targetHints":{"allow":["GET"]}}],"collection":[{"href":"https:\/\/paverslaukime.lt\/index.php?rest_route=\/wp\/v2\/pages"}],"about":[{"href":"https:\/\/paverslaukime.lt\/index.php?rest_route=\/wp\/v2\/types\/page"}],"author":[{"embeddable":true,"href":"https:\/\/paverslaukime.lt\/index.php?rest_route=\/wp\/v2\/users\/2"}],"replies":[{"embeddable":true,"href":"https:\/\/paverslaukime.lt\/index.php?rest_route=%2Fwp%2Fv2%2Fcomments&post=62"}],"version-history":[{"count":17,"href":"https:\/\/paverslaukime.lt\/index.php?rest_route=\/wp\/v2\/pages\/62\/revisions"}],"predecessor-version":[{"id":1114,"href":"https:\/\/paverslaukime.lt\/index.php?rest_route=\/wp\/v2\/pages\/62\/revisions\/1114"}],"wp:attachment":[{"href":"https:\/\/paverslaukime.lt\/index.php?rest_route=%2Fwp%2Fv2%2Fmedia&parent=62"}],"curies":[{"name":"wp","href":"https:\/\/api.w.org\/{rel}","templated":true}]}}